{"id":3,"date":"2019-01-29T18:34:25","date_gmt":"2019-01-29T18:34:25","guid":{"rendered":"http:\/\/dynamicsmex.com\/transformamos\/?page_id=3"},"modified":"2023-09-06T21:39:59","modified_gmt":"2023-09-06T21:39:59","slug":"aviso-de-privacidad-y-proteccion-de-datos-personales","status":"publish","type":"page","link":"https:\/\/dynamicsmex.com\/transformamos\/index.php\/aviso-de-privacidad-y-proteccion-de-datos-personales\/","title":{"rendered":"AVISO DE PRIVACIDAD."},"content":{"rendered":"\t\t<div data-elementor-type=\"wp-page\" data-elementor-id=\"3\" class=\"elementor elementor-3\">\n\t\t\t\t\t\t<section class=\"elementor-section elementor-top-section elementor-element elementor-element-729fa678 elementor-section-boxed elementor-section-height-default elementor-section-height-default\" data-id=\"729fa678\" data-element_type=\"section\">\n\t\t\t\t\t\t<div class=\"elementor-container elementor-column-gap-default\">\n\t\t\t\t\t<div class=\"elementor-column elementor-col-100 elementor-top-column elementor-element elementor-element-4237ebe2\" data-id=\"4237ebe2\" data-element_type=\"column\">\n\t\t\t<div class=\"elementor-widget-wrap elementor-element-populated\">\n\t\t\t\t\t\t<div class=\"elementor-element elementor-element-dd53036 elementor-button-info elementor-align-center elementor-widget elementor-widget-button\" data-id=\"dd53036\" data-element_type=\"widget\" data-widget_type=\"button.default\">\n\t\t\t\t<div class=\"elementor-widget-container\">\n\t\t\t\t\t<div class=\"elementor-button-wrapper\">\n\t\t\t<a class=\"elementor-button elementor-button-link elementor-size-sm\" href=\"http:\/\/dynamicsmex.com\/transformamos\/wp-content\/uploads\/2023\/09\/Aviso%20de%20privacidad.pdf\">\n\t\t\t\t\t\t<span class=\"elementor-button-content-wrapper\">\n\t\t\t\t\t\t\t\t\t<span class=\"elementor-button-text\">Descarga nuestro aviso de privacidad <\/span>\n\t\t\t\t\t<\/span>\n\t\t\t\t\t<\/a>\n\t\t<\/div>\n\t\t\t\t<\/div>\n\t\t\t\t<\/div>\n\t\t\t\t<div class=\"elementor-element elementor-element-1fe42240 elementor-widget elementor-widget-text-editor\" data-id=\"1fe42240\" data-element_type=\"widget\" data-widget_type=\"text-editor.default\">\n\t\t\t\t<div class=\"elementor-widget-container\">\n\t\t\t\t\t\t\t<p><!-- wp:heading --><\/p>\n<h2>OBJETO.<\/h2>\n<p style=\"text-align: justify;\">\u00a0<\/p>\n<p><!-- \/wp:heading --><\/p>\n<p><!-- wp:paragraph --><\/p>\n<p>La <b>Pol\u00edtica de Privacidad y Protecci\u00f3n de Datos Personales<\/b>, en adelante Aviso de Privacidad, explica c\u00f3mo se tratan y protegen los datos personales que sean recolectados por Dynamics; d\u00e1ndole la seguridad de que tus datos ser\u00e1n almacenados en plataformas seguras. En cumplimiento con lo establecido en el art\u00edculo 16 de la Ley Federal de Protecci\u00f3n de Datos Personales en Posesi\u00f3n de Particulares <b>(LFPDPPP)<\/b>, le informamos nuestro Aviso de privacidad, manejo de datos personales en posesi\u00f3n de particulares, as\u00ed como se hace de su conocimiento la presente Pol\u00edtica de Privacidad:<\/p>\n<p><!-- \/wp:paragraph --><\/p>\n<p><!-- wp:heading --><\/p>\n<h3>1.- SOBRE EL TRATAMIENTO DE SUS DATOS PERSONALES.<\/h3>\n<p><!-- \/wp:heading --><\/p>\n<p><!-- wp:paragraph --><\/p>\n<p>Empresa responsable de la informaci\u00f3n que se recaba: DYNAMICS _____en adelante DYNAMICS con domicilio en ____________________________________________________. Recabamos sus datos personales y\/o datos personales sensibles para los efectos mencionados en la presente; en este sentido, hacemos de su conocimiento que sus datos personales ser\u00e1n tratados y resguardados con base en los principios de licitud, calidad, consentimiento, informaci\u00f3n, finalidad, lealtad, proporcionalidad y responsabilidad, consagrados en la Ley Federal de Protecci\u00f3n de Datos Personales en Posesi\u00f3n de los Particulares (LFPDPPP).<\/p>\n<p><!-- \/wp:paragraph --><\/p>\n<p><!-- wp:heading {\"level\":3} --><\/p>\n<h3>2. &#8211; \u00bfQU\u00c9 DATOS PERSONALES SE RECABAN Y PARA QU\u00c9 FINALIDAD?<\/h3>\n<p><!-- \/wp:heading --><\/p>\n<p><!-- wp:paragraph --><\/p>\n<p>Los datos personales que se recaben, como resultado de las solicitudes de adquisici\u00f3n del servicio, ser\u00e1n utilizados para confirmar la identidad, localizaci\u00f3n y autenticidad de la informaci\u00f3n proporcionada; realizar las acciones necesarias a fin de atender el servicio prestado e integrar los expedientes y bases de datos necesarios para la operaci\u00f3n y atenci\u00f3n servicio correspondiente, as\u00ed como las obligaciones que se deriven del mismo y realizar estad\u00edsticas.<\/p>\n<p>Los datos personales que se recaban dependiendo del servicio requerido pueden ser:<\/p>\n<p>\u2022 Nombre(s);<br \/>\u2022 Primer apellido;<br \/>\u2022 Segundo apellido;<br \/>\u2022 Tel\u00e9fono;<br \/>\u2022 Lada;<br \/>\u2022 Correo electr\u00f3nico;<br \/>\u2022 Domicilio;<br \/>\u2022 C\u00f3digo postal;<br \/>\u2022 Estado;<br \/>\u2022 Municipio o Alcald\u00eda;<br \/>\u2022 Colonia;<br \/>\u2022 Calle;<br \/>\u2022 N\u00famero<br \/>\u2022 Documentos para identificaci\u00f3n<br \/>\u2022 Tipo de identificaci\u00f3n;<br \/>\u2022 INE;<br \/>\u2022 C\u00e9dula Profesional;<br \/>\u2022 Pasaporte;<br \/>\u2022 CURP;<br \/>\u2022 Transferencia de datos personales<\/p>\n<p>Sus datos personales no ser\u00e1n transferidos, difundidos, ni distribuidos, salvo lo se\u00f1alado en el art\u00edculo 16 de la Ley Federal de Protecci\u00f3n de Datos Personales en Posesi\u00f3n de Particulares o en el caso que exista consentimiento expreso de su parte por medio escrito o por un medio de autenticaci\u00f3n similar.<\/p>\n<p><!-- \/wp:heading --><\/p>\n<p><!-- wp:heading {\"level\":3} --><\/p>\n<h3>3.- FINALIDAD EN EL TRATAMIENTO DE SUS DATOS PERSONALES.<\/h3>\n<p><!-- \/wp:heading --><\/p>\n<p><!-- wp:paragraph --><\/p>\n<p>Recopilamos sus datos personales y\/o datos personales sensibles, por lo que solicitamos su consentimiento a trav\u00e9s del presente Aviso de Privacidad con el objeto de utilizarlos para los siguientes fines:<\/p>\n<p><!-- \/wp:heading --><\/p>\n<p><!-- wp:heading {\"level\":3} --><\/p>\n<h5>\u00a0 \u00a0 \u00a0a. Mejora del proceso comercial:<\/h5>\n<p><!-- \/wp:paragraph --><\/p>\n<p><!-- wp:paragraph --><\/p>\n<p>En caso de informaci\u00f3n estad\u00edstica, datos de tratamiento interno, promociones comerciales, estudios de mercadotecnia, ofertas comerciales, encuestas, asuntos publicitarios o similares, podremos requerir informaci\u00f3n general tal como nombre, domicilio (particular y de oficina), n\u00fameros de tel\u00e9fono, fax y direcci\u00f3n de correo electr\u00f3nico, informaci\u00f3n sobre preferencias comerciales o de consumo, rangos de ingresos, rangos de estudios, rangos de edad y\/o rangos de nivel socio econ\u00f3mico.<\/p>\n<p><!-- \/wp:paragraph --><\/p>\n<p><!-- wp:paragraph --><\/p>\n<h5>\u00a0 \u00a0b. Estos Datos podr\u00e1n usarse de forma enunciativa m\u00e1s no limitativa para:<\/h5>\n<p><!-- \/wp:paragraph --><\/p>\n<p><!-- wp:paragraph --><\/p>\n<p>\u00a0 \u00a0 \u00a0(i) Proveerte los bienes y\/o servicios que ha solicitado o respecto de los que ha manifestado\u00a0 \u00a0 \u00a0 \u00a0 \u00a0 \u00a0 inter\u00e9s;<br \/>\u00a0 \u00a0 \u00a0(ii) Procurar un servicio eficiente y proveer una mejor atenci\u00f3n, as\u00ed como para mejorar su\u00a0 \u00a0 \u00a0 \u00a0 \u00a0 \u00a0 \u00a0 \u00a0 \u00a0 \u00a0experiencia en el uso de ciertos productos y\/o servicios;<br \/>\u00a0 \u00a0 \u00a0(iii) Enviarle y presentarte bienes y\/o servicios que puedan resultar relevantes o atractivos, \u00a0 \u00a0 \u00a0\u00a0 \u00a0 \u00a0\u00a0 \u00a0 \u00a0 incluyendo tu participaci\u00f3n en promociones, ofertas y campa\u00f1as de publicidad;<br \/>\u00a0 \u00a0 \u00a0(iv) Informar sobre cambios o nuevos productos o servicios que est\u00e9n relacionados con el \u00a0 \u00a0 \u00a0\u00a0 \u00a0 \u00a0\u00a0 \u00a0 \u00a0 contratado o adquirido por el cliente;<br \/>\u00a0 \u00a0 \u00a0(v) Dar cumplimiento a obligaciones contra\u00eddas con nuestros clientes; <br \/>\u00a0 \u00a0 \u00a0(vi) Evaluar la calidad del servicio, o realizar estudios internos sobre h\u00e1bitos de consumo.<\/p>\n<p><!-- \/wp:paragraph --><\/p>\n<p><!-- wp:heading {\"level\":3} --><\/p>\n<h5>\u00a0 \u00a0 \u00a0c. Informaci\u00f3n de contacto o laboral:<\/h5>\n<p><!-- \/wp:heading --><\/p>\n<p><!-- wp:paragraph --><\/p>\n<p>En caso de ofertas o solicitudes de trabajo, presentaci\u00f3n de curr\u00edculums vitae u hojas de vida, expedientes laborales o cualquier otro similar, se podr\u00e1 requerir o entregar datos tales como nombre, domicilio, tel\u00e9fonos, celulares, fax, correo electr\u00f3nico, fotograf\u00edas, informaci\u00f3n sobre grados acad\u00e9micos, lo relativo a historial acad\u00e9mico y laboral (empleos anteriores) y datos relativos a inter\u00e9s en puestos de trabajo, incluyendo aptitudes y capacidades, datos de contacto, nivel socioecon\u00f3mico y pretensiones laborales (incluyendo sueldo).<\/p>\n<p><!-- \/wp:paragraph --><\/p>\n<p><!-- wp:heading {\"level\":3} --><\/p>\n<h5>\u00a0 \u00a0 \u00a0d. Estos Datos podr\u00e1n usarse de forma enunciativa m\u00e1s no limitativa para:<\/h5>\n<p><!-- \/wp:paragraph --><\/p>\n<p><!-- wp:paragraph --><\/p>\n<p style=\"margin-left: 71.4pt; text-align: justify; text-indent: -36.0pt; mso-list: l0 level1 lfo1;\">\u00a0<\/p>\n<p>\u00a0 \u00a0 \u00a0(i) Fines internos de la Empresa, incluyendo el conservarlos como expedientes laborales dentro del \u00e1rea de Recursos Humanos de la Empresa;<\/p>\n<p style=\"margin-left: 71.4pt; text-align: justify; text-indent: -36.0pt; mso-list: l0 level1 lfo1;\">\u00a0<\/p>\n<p>\u00a0 \u00a0 \u00a0(ii) Procesos de contrataci\u00f3n laboral o de prestaci\u00f3n de servicios independientes; su\u00a0 \u00a0 \u00a0 \u00a0 \u00a0 \u00a0 \u00a0 \u00a0 \u00a0 \u00a0experiencia en el uso de ciertos productos y\/o servicios;<br \/>\u00a0 \u00a0 \u00a0(iii) Enviarle y presentarte bienes y\/o servicios que puedan resultar relevantes o atractivos, \u00a0 \u00a0 \u00a0\u00a0 \u00a0 \u00a0\u00a0 \u00a0 \u00a0 incluyendo tu participaci\u00f3n en promociones, ofertas y campa\u00f1as de publicidad;<br \/>\u00a0 \u00a0 \u00a0(iv) Informar sobre cambios o nuevos productos o servicios que est\u00e9n relacionados con el \u00a0 \u00a0 \u00a0\u00a0 \u00a0 \u00a0\u00a0 \u00a0 \u00a0 contratado o adquirido por el cliente;<br \/>\u00a0 \u00a0 \u00a0(v) Dar cumplimiento a obligaciones contra\u00eddas con nuestros clientes; <br \/>\u00a0 \u00a0 \u00a0(vi) Evaluar la calidad del servicio, o realizar estudios internos sobre h\u00e1bitos de consumo.<\/p>\n<p><!-- \/wp:paragraph --><\/p>\n<p><!-- \/wp:heading --><\/p>\n<p><!-- wp:heading --><\/p>\n<h2>Who we share your data with<\/h2>\n<p><!-- \/wp:heading --><\/p>\n<p><!-- wp:heading --><\/p>\n<h2>How long we retain your data<\/h2>\n<p><!-- \/wp:heading --><\/p>\n<p><!-- wp:paragraph --><\/p>\n<p>If you leave a comment, the comment and its metadata are retained indefinitely. This is so we can recognize and approve any follow-up comments automatically instead of holding them in a moderation queue.<\/p>\n<p><!-- \/wp:paragraph --><\/p>\n<p><!-- wp:paragraph --><\/p>\n<p>For users that register on our website (if any), we also store the personal information they provide in their user profile. All users can see, edit, or delete their personal information at any time (except they cannot change their username). Website administrators can also see and edit that information.<\/p>\n<p><!-- \/wp:paragraph --><\/p>\n<p><!-- wp:heading --><\/p>\n<h2>What rights you have over your data<\/h2>\n<p><!-- \/wp:heading --><\/p>\n<p><!-- wp:paragraph --><\/p>\n<p>If you have an account on this site, or have left comments, you can request to receive an exported file of the personal data we hold about you, including any data you have provided to us. You can also request that we erase any personal data we hold about you. This does not include any data we are obliged to keep for administrative, legal, or security purposes.<\/p>\n<p><!-- \/wp:paragraph --><\/p>\n<p><!-- wp:heading --><\/p>\n<h2>Where we send your data<\/h2>\n<p><!-- \/wp:heading --><\/p>\n<p><!-- wp:paragraph --><\/p>\n<p>Visitor comments may be checked through an automated spam detection service.<\/p>\n<p><!-- \/wp:paragraph --><\/p>\n<p><!-- wp:heading --><\/p>\n<h2>Your contact information<\/h2>\n<p><!-- \/wp:heading --><\/p>\n<p><!-- wp:heading --><\/p>\n<h2>Additional information<\/h2>\n<p><!-- \/wp:heading --><\/p>\n<p><!-- wp:heading {\"level\":3} --><\/p>\n<h3>How we protect your data<\/h3>\n<p><!-- \/wp:heading --><\/p>\n<p><!-- wp:heading {\"level\":3} --><\/p>\n<h3>What data breach procedures we have in place<\/h3>\n<p><!-- \/wp:heading --><\/p>\n<p><!-- wp:heading {\"level\":3} --><\/p>\n<h3>What third parties we receive data from<\/h3>\n<p><!-- \/wp:heading --><\/p>\n<p><!-- wp:heading {\"level\":3} --><\/p>\n<h3>What automated decision making and\/or profiling we do with user data<\/h3>\n<p><!-- \/wp:heading --><\/p>\n<p><!-- wp:heading {\"level\":3} --><\/p>\n<h3>Industry regulatory disclosure requirements<\/h3>\n<p><!-- \/wp:heading --><\/p>\t\t\t\t\t\t<\/div>\n\t\t\t\t<\/div>\n\t\t\t\t\t<\/div>\n\t\t<\/div>\n\t\t\t\t\t<\/div>\n\t\t<\/section>\n\t\t\t\t<\/div>\n\t\t","protected":false},"excerpt":{"rendered":"<p>Descarga nuestro aviso de privacidad OBJETO. \u00a0 La Pol\u00edtica de Privacidad y Protecci\u00f3n de Datos Personales, en adelante Aviso de Privacidad, explica c\u00f3mo se tratan y protegen los datos personales que sean recolectados por Dynamics; d\u00e1ndole la seguridad de que tus datos ser\u00e1n almacenados en plataformas seguras. En cumplimiento con lo establecido en el art\u00edculo&hellip;&nbsp;<a href=\"https:\/\/dynamicsmex.com\/transformamos\/index.php\/aviso-de-privacidad-y-proteccion-de-datos-personales\/\" class=\"\" rel=\"bookmark\">Leer m\u00e1s &raquo;<span class=\"screen-reader-text\">AVISO DE PRIVACIDAD.<\/span><\/a><\/p>\n","protected":false},"author":1,"featured_media":0,"parent":0,"menu_order":0,"comment_status":"closed","ping_status":"closed","template":"","meta":{"om_disable_all_campaigns":false,"_monsterinsights_skip_tracking":false,"_monsterinsights_sitenote_active":false,"_monsterinsights_sitenote_note":"","_monsterinsights_sitenote_category":0,"neve_meta_sidebar":"","neve_meta_container":"","neve_meta_enable_content_width":"","neve_meta_content_width":0,"neve_meta_title_alignment":"","neve_meta_author_avatar":"","neve_post_elements_order":"","neve_meta_disable_header":"","neve_meta_disable_footer":"","neve_meta_disable_title":"","_themeisle_gutenberg_block_has_review":false,"footnotes":""},"class_list":["post-3","page","type-page","status-publish","hentry"],"_links":{"self":[{"href":"https:\/\/dynamicsmex.com\/transformamos\/index.php\/wp-json\/wp\/v2\/pages\/3","targetHints":{"allow":["GET"]}}],"collection":[{"href":"https:\/\/dynamicsmex.com\/transformamos\/index.php\/wp-json\/wp\/v2\/pages"}],"about":[{"href":"https:\/\/dynamicsmex.com\/transformamos\/index.php\/wp-json\/wp\/v2\/types\/page"}],"author":[{"embeddable":true,"href":"https:\/\/dynamicsmex.com\/transformamos\/index.php\/wp-json\/wp\/v2\/users\/1"}],"replies":[{"embeddable":true,"href":"https:\/\/dynamicsmex.com\/transformamos\/index.php\/wp-json\/wp\/v2\/comments?post=3"}],"version-history":[{"count":11,"href":"https:\/\/dynamicsmex.com\/transformamos\/index.php\/wp-json\/wp\/v2\/pages\/3\/revisions"}],"predecessor-version":[{"id":5145,"href":"https:\/\/dynamicsmex.com\/transformamos\/index.php\/wp-json\/wp\/v2\/pages\/3\/revisions\/5145"}],"wp:attachment":[{"href":"https:\/\/dynamicsmex.com\/transformamos\/index.php\/wp-json\/wp\/v2\/media?parent=3"}],"curies":[{"name":"wp","href":"https:\/\/api.w.org\/{rel}","templated":true}]}}